{"id":1597,"date":"2022-08-11T13:02:02","date_gmt":"2022-08-11T13:02:02","guid":{"rendered":"http:\/\/kbhvineyard.dk\/?page_id=1597"},"modified":"2025-12-17T14:36:31","modified_gmt":"2025-12-17T13:36:31","slug":"find-en-familiegruppe","status":"publish","type":"page","link":"https:\/\/kbhvineyard.dk\/en\/netvaerksgrupper\/find-en-familiegruppe\/","title":{"rendered":"Find a Family Group"},"content":{"rendered":"<div style=\"height:38px\" aria-hidden=\"true\" class=\"wp-block-spacer\"><\/div>\n\n\n\n<h3 class=\"wp-block-heading\">Find a Family Network Group<\/h3>\n\n\n\n<p>Here you can find the different family network groups we have in the church. The groups gather around Copenhagen during the week. All groups are open and would very much like to hear from you and include you - so please get in touch. <br>You are also welcome to visit different groups, if you feel like it. <\/p>\n\n\n\n<p><strong>Would you like to know more?<\/strong><br>Contact <a href=\"mailto:mictormey@hotmail.com\" target=\"_blank\" rel=\"noopener\" title=\"Michael Meyer\">Michael Meyer<\/a> or <a href=\"mailto:martin@vineyard.dk\" target=\"_blank\" rel=\"noopener\" title=\"Martin Wals\u00f8e\">Martin Wals\u00f8e<\/a> &#8211; vi hj\u00e6lper dig ogs\u00e5 gerne med at finde en gruppe, der passer til dig.<\/p>\n\n\n\n<div class=\"wp-block-columns is-layout-flex wp-container-core-columns-is-layout-28f84493 wp-block-columns-is-layout-flex\">\n<div class=\"wp-block-column is-layout-flow wp-block-column-is-layout-flow\">\n<div class=\"wp-block-columns is-layout-flex wp-container-core-columns-is-layout-28f84493 wp-block-columns-is-layout-flex\">\n<div class=\"wp-block-column is-layout-flow wp-block-column-is-layout-flow\">\n<figure class=\"wp-block-image size-large\"><img loading=\"lazy\" decoding=\"async\" width=\"1024\" height=\"1024\" src=\"http:\/\/kbhvineyard.dk\/wp-content\/uploads\/2022\/07\/271064938_10166028651410788_6468299758690933556_n-e1669028606354-1024x1024.jpg\" alt=\"Roswall\" class=\"wp-image-1568\" srcset=\"https:\/\/kbhvineyard.dk\/wp-content\/uploads\/2022\/07\/271064938_10166028651410788_6468299758690933556_n-e1669028606354-1024x1024.jpg 1024w, https:\/\/kbhvineyard.dk\/wp-content\/uploads\/2022\/07\/271064938_10166028651410788_6468299758690933556_n-e1669028606354-300x300.jpg 300w, https:\/\/kbhvineyard.dk\/wp-content\/uploads\/2022\/07\/271064938_10166028651410788_6468299758690933556_n-e1669028606354-150x150.jpg 150w, https:\/\/kbhvineyard.dk\/wp-content\/uploads\/2022\/07\/271064938_10166028651410788_6468299758690933556_n-e1669028606354-768x768.jpg 768w, https:\/\/kbhvineyard.dk\/wp-content\/uploads\/2022\/07\/271064938_10166028651410788_6468299758690933556_n-e1669028606354.jpg 1536w, https:\/\/kbhvineyard.dk\/wp-content\/uploads\/2022\/07\/271064938_10166028651410788_6468299758690933556_n-e1669028606354-45x45.jpg 45w\" sizes=\"auto, (max-width: 1024px) 100vw, 1024px\" \/><\/figure>\n<\/div>\n\n\n\n<div class=\"wp-block-column is-layout-flow wp-block-column-is-layout-flow\">\n<figure class=\"wp-block-image size-full\"><img loading=\"lazy\" decoding=\"async\" width=\"392\" height=\"392\" src=\"https:\/\/kbhvineyard.dk\/wp-content\/uploads\/2024\/01\/Stine-edited.jpg\" alt=\"\" class=\"wp-image-2607\" srcset=\"https:\/\/kbhvineyard.dk\/wp-content\/uploads\/2024\/01\/Stine-edited.jpg 392w, https:\/\/kbhvineyard.dk\/wp-content\/uploads\/2024\/01\/Stine-edited-300x300.jpg 300w, https:\/\/kbhvineyard.dk\/wp-content\/uploads\/2024\/01\/Stine-edited-150x150.jpg 150w, https:\/\/kbhvineyard.dk\/wp-content\/uploads\/2024\/01\/Stine-edited-12x12.jpg 12w, https:\/\/kbhvineyard.dk\/wp-content\/uploads\/2024\/01\/Stine-edited-45x45.jpg 45w\" sizes=\"auto, (max-width: 392px) 100vw, 392px\" \/><\/figure>\n<\/div>\n<\/div>\n\n\n\n<p><strong>Ballerup\/R\u00f8dovre\/Karlslunde<\/strong><br>Hver anden fredag eller l\u00f8rdag<\/p>\n\n\n\n<p>Stine og Thomas Balle Roswall \/\/ 3163 4034 \/\/ <a href=\"mailto:balle85@gmail.com\">balle85@gmail.com<\/a><br>Stine og Thomas Solfeldt \/\/ <a href=\"mailto:stine@vineyard.dk\">stine@vineyard.dk<\/a><\/p>\n<\/div>\n\n\n\n<div class=\"wp-block-column is-layout-flow wp-block-column-is-layout-flow\"><\/div>\n\n\n\n<div class=\"wp-block-column is-layout-flow wp-block-column-is-layout-flow\">\n<div class=\"wp-block-columns is-layout-flex wp-container-core-columns-is-layout-28f84493 wp-block-columns-is-layout-flex\">\n<div class=\"wp-block-column is-layout-flow wp-block-column-is-layout-flow\" style=\"flex-basis:100%\">\n<div class=\"wp-block-columns is-layout-flex wp-container-core-columns-is-layout-28f84493 wp-block-columns-is-layout-flex\">\n<div class=\"wp-block-column is-layout-flow wp-block-column-is-layout-flow\" style=\"flex-basis:100%\">\n<div class=\"wp-block-columns is-layout-flex wp-container-core-columns-is-layout-28f84493 wp-block-columns-is-layout-flex\">\n<div class=\"wp-block-column is-layout-flow wp-block-column-is-layout-flow\" style=\"flex-basis:100%\">\n<div class=\"wp-block-columns is-layout-flex wp-container-core-columns-is-layout-28f84493 wp-block-columns-is-layout-flex\">\n<div class=\"wp-block-column is-layout-flow wp-block-column-is-layout-flow\" style=\"flex-basis:50%\">\n<figure class=\"wp-block-image size-medium\"><img loading=\"lazy\" decoding=\"async\" width=\"300\" height=\"300\" src=\"https:\/\/kbhvineyard.dk\/wp-content\/uploads\/2022\/03\/Emil-Rindom-300x300.jpeg\" alt=\"\" class=\"wp-image-870\" style=\"object-fit:cover\" srcset=\"https:\/\/kbhvineyard.dk\/wp-content\/uploads\/2022\/03\/Emil-Rindom-300x300.jpeg 300w, https:\/\/kbhvineyard.dk\/wp-content\/uploads\/2022\/03\/Emil-Rindom-150x150.jpeg 150w, https:\/\/kbhvineyard.dk\/wp-content\/uploads\/2022\/03\/Emil-Rindom-768x768.jpeg 768w, https:\/\/kbhvineyard.dk\/wp-content\/uploads\/2022\/03\/Emil-Rindom.jpeg 940w\" sizes=\"auto, (max-width: 300px) 100vw, 300px\" \/><\/figure>\n<\/div>\n\n\n\n<div class=\"wp-block-column is-layout-flow wp-block-column-is-layout-flow\" style=\"flex-basis:50%\">\n<figure class=\"wp-block-image size-full\"><img loading=\"lazy\" decoding=\"async\" width=\"960\" height=\"960\" src=\"https:\/\/kbhvineyard.dk\/wp-content\/uploads\/2023\/12\/117996437_10157736277023922_5267327477027496445_n.jpg\" alt=\"\" class=\"wp-image-2417\" style=\"object-fit:cover\" srcset=\"https:\/\/kbhvineyard.dk\/wp-content\/uploads\/2023\/12\/117996437_10157736277023922_5267327477027496445_n.jpg 960w, https:\/\/kbhvineyard.dk\/wp-content\/uploads\/2023\/12\/117996437_10157736277023922_5267327477027496445_n-300x300.jpg 300w, https:\/\/kbhvineyard.dk\/wp-content\/uploads\/2023\/12\/117996437_10157736277023922_5267327477027496445_n-150x150.jpg 150w, https:\/\/kbhvineyard.dk\/wp-content\/uploads\/2023\/12\/117996437_10157736277023922_5267327477027496445_n-768x768.jpg 768w, https:\/\/kbhvineyard.dk\/wp-content\/uploads\/2023\/12\/117996437_10157736277023922_5267327477027496445_n-12x12.jpg 12w, https:\/\/kbhvineyard.dk\/wp-content\/uploads\/2023\/12\/117996437_10157736277023922_5267327477027496445_n-45x45.jpg 45w\" sizes=\"auto, (max-width: 960px) 100vw, 960px\" \/><\/figure>\n<\/div>\n<\/div>\n<\/div>\n<\/div>\n<\/div>\n<\/div>\n\n\n\n<div class=\"wp-block-columns is-layout-flex wp-container-core-columns-is-layout-28f84493 wp-block-columns-is-layout-flex\">\n<div class=\"wp-block-column is-layout-flow wp-block-column-is-layout-flow\" style=\"flex-basis:100%\">\n<p><strong>Nyvej 7, i Kirken<\/strong><br>Hver anden onsdag kl. 17.00<\/p>\n\n\n\n<p><\/p>\n\n\n\n<p>Emil og Nina Rindholm \/\/ 5356 3675 \/\/ <a href=\"mailto:emilrindom@vineyard.dk\">emilrindom@vineyard.dk<\/a><\/p>\n<\/div>\n<\/div>\n<\/div>\n<\/div>\n<\/div>\n<\/div>\n\n\n\n<div style=\"height:21px\" aria-hidden=\"true\" class=\"wp-block-spacer\"><\/div>\n\n\n\n<hr class=\"wp-block-separator has-alpha-channel-opacity is-style-wide\"\/>\n\n\n\n<div style=\"height:17px\" aria-hidden=\"true\" class=\"wp-block-spacer\"><\/div>\n\n\n\n<div class=\"wp-block-columns is-layout-flex wp-container-core-columns-is-layout-28f84493 wp-block-columns-is-layout-flex\">\n<div class=\"wp-block-column is-layout-flow wp-block-column-is-layout-flow\">\n<div class=\"wp-block-columns is-layout-flex wp-container-core-columns-is-layout-28f84493 wp-block-columns-is-layout-flex\">\n<div class=\"wp-block-column is-layout-flow wp-block-column-is-layout-flow\">\n<figure class=\"wp-block-image size-full\"><img loading=\"lazy\" decoding=\"async\" width=\"719\" height=\"719\" src=\"http:\/\/kbhvineyard.dk\/wp-content\/uploads\/2022\/07\/48422353_10218122709203594_3590762942024384512_n-2-e1669029392212.jpg\" alt=\"Engberg\" class=\"wp-image-1571\" srcset=\"https:\/\/kbhvineyard.dk\/wp-content\/uploads\/2022\/07\/48422353_10218122709203594_3590762942024384512_n-2-e1669029392212.jpg 719w, https:\/\/kbhvineyard.dk\/wp-content\/uploads\/2022\/07\/48422353_10218122709203594_3590762942024384512_n-2-e1669029392212-300x300.jpg 300w, https:\/\/kbhvineyard.dk\/wp-content\/uploads\/2022\/07\/48422353_10218122709203594_3590762942024384512_n-2-e1669029392212-150x150.jpg 150w, https:\/\/kbhvineyard.dk\/wp-content\/uploads\/2022\/07\/48422353_10218122709203594_3590762942024384512_n-2-e1669029392212-45x45.jpg 45w\" sizes=\"auto, (max-width: 719px) 100vw, 719px\" \/><\/figure>\n<\/div>\n\n\n\n<div class=\"wp-block-column is-layout-flow wp-block-column-is-layout-flow\"><\/div>\n<\/div>\n\n\n\n<p><strong>Glostrup<\/strong><br>3 Wednesdays a month<\/p>\n\n\n\n<p>Anne Engberg \/\/ <a href=\"mailto:anne_kousholt@hotmail.com\">anne_kousholt@hotmail.com<\/a><br>Christian Engberg \/\/ <a href=\"mailto:christian.rich.engberg@gmail.com\">christian.rich.engberg@gmail.com<\/a><\/p>\n<\/div>\n\n\n\n<div class=\"wp-block-column is-layout-flow wp-block-column-is-layout-flow\"><\/div>\n\n\n\n<div class=\"wp-block-column is-layout-flow wp-block-column-is-layout-flow\">\n<div class=\"wp-block-columns is-layout-flex wp-container-core-columns-is-layout-28f84493 wp-block-columns-is-layout-flex\">\n<div class=\"wp-block-column is-layout-flow wp-block-column-is-layout-flow\">\n<figure class=\"wp-block-image size-large\"><img loading=\"lazy\" decoding=\"async\" width=\"1024\" height=\"1024\" src=\"https:\/\/kbhvineyard.dk\/wp-content\/uploads\/2023\/12\/hannah-1-1024x1024.jpg\" alt=\"\" class=\"wp-image-2454\" srcset=\"https:\/\/kbhvineyard.dk\/wp-content\/uploads\/2023\/12\/hannah-1-1024x1024.jpg 1024w, https:\/\/kbhvineyard.dk\/wp-content\/uploads\/2023\/12\/hannah-1-300x300.jpg 300w, https:\/\/kbhvineyard.dk\/wp-content\/uploads\/2023\/12\/hannah-1-150x150.jpg 150w, https:\/\/kbhvineyard.dk\/wp-content\/uploads\/2023\/12\/hannah-1-768x768.jpg 768w, https:\/\/kbhvineyard.dk\/wp-content\/uploads\/2023\/12\/hannah-1-12x12.jpg 12w, https:\/\/kbhvineyard.dk\/wp-content\/uploads\/2023\/12\/hannah-1-45x45.jpg 45w, https:\/\/kbhvineyard.dk\/wp-content\/uploads\/2023\/12\/hannah-1.jpg 1242w\" sizes=\"auto, (max-width: 1024px) 100vw, 1024px\" \/><\/figure>\n<\/div>\n\n\n\n<div class=\"wp-block-column is-layout-flow wp-block-column-is-layout-flow\">\n<figure class=\"wp-block-image size-large\"><img loading=\"lazy\" decoding=\"async\" width=\"1024\" height=\"1024\" src=\"https:\/\/kbhvineyard.dk\/wp-content\/uploads\/2023\/12\/Chris-J-2-1024x1024.jpg\" alt=\"\" class=\"wp-image-2455\" srcset=\"https:\/\/kbhvineyard.dk\/wp-content\/uploads\/2023\/12\/Chris-J-2-1024x1024.jpg 1024w, https:\/\/kbhvineyard.dk\/wp-content\/uploads\/2023\/12\/Chris-J-2-300x300.jpg 300w, https:\/\/kbhvineyard.dk\/wp-content\/uploads\/2023\/12\/Chris-J-2-150x150.jpg 150w, https:\/\/kbhvineyard.dk\/wp-content\/uploads\/2023\/12\/Chris-J-2-768x767.jpg 768w, https:\/\/kbhvineyard.dk\/wp-content\/uploads\/2023\/12\/Chris-J-2-12x12.jpg 12w, https:\/\/kbhvineyard.dk\/wp-content\/uploads\/2023\/12\/Chris-J-2-45x45.jpg 45w, https:\/\/kbhvineyard.dk\/wp-content\/uploads\/2023\/12\/Chris-J-2.jpg 1440w\" sizes=\"auto, (max-width: 1024px) 100vw, 1024px\" \/><\/figure>\n<\/div>\n<\/div>\n\n\n\n<p><strong>Nyvej 7, i kirken <\/strong>(efter formiddagsgudstjenesten)<br>Once a month 12:30-2:30pm<\/p>\n\n\n\n<p>Hannah Johnson \/\/ hannah@daisymedia.me.uk <br>Chris Johnson \/\/ <a href=\"mailto:chrisjohnson@vineyard.dk\">chrisjohnson@vineyard.dk<\/a><\/p>\n<\/div>\n<\/div>\n\n\n\n<div style=\"height:30px\" aria-hidden=\"true\" class=\"wp-block-spacer\"><\/div>\n\n\n\n<hr class=\"wp-block-separator has-alpha-channel-opacity is-style-wide\"\/>\n\n\n\n<div style=\"height:24px\" aria-hidden=\"true\" class=\"wp-block-spacer\"><\/div>\n\n\n\n<p><\/p>","protected":false},"excerpt":{"rendered":"<p>Find en familienetv\u00e6rksgruppe Her finder du de forskellige familienetv\u00e6rksgrupper vi har i kirken. Grupperne samles rundt omkring i K\u00f8benhavn i l\u00f8bet af ugen. Alle grupper er \u00e5bne og vil meget gerne h\u00f8re fra dig og have dig med &#8211; s\u00e5 tag endelig kontakt. Du er ogs\u00e5 velkommen til at bes\u00f8ge forskellige grupper, hvis du har [&hellip;]<\/p>\n","protected":false},"author":1,"featured_media":0,"parent":30,"menu_order":3,"comment_status":"closed","ping_status":"closed","template":"","meta":{"site-sidebar-layout":"no-sidebar","site-content-layout":"plain-container","ast-site-content-layout":"normal-width-container","site-content-style":"unboxed","site-sidebar-style":"unboxed","ast-global-header-display":"","ast-banner-title-visibility":"","ast-main-header-display":"","ast-hfb-above-header-display":"","ast-hfb-below-header-display":"","ast-hfb-mobile-header-display":"","site-post-title":"","ast-breadcrumbs-content":"","ast-featured-img":"","footer-sml-layout":"","ast-disable-related-posts":"","theme-transparent-header-meta":"","adv-header-id-meta":"1041","stick-header-meta":"","header-above-stick-meta":"","header-main-stick-meta":"","header-below-stick-meta":"","astra-migrate-meta-layouts":"set","ast-page-background-enabled":"default","ast-page-background-meta":{"desktop":{"background-color":"var(--ast-global-color-4)","background-image":"","background-repeat":"repeat","background-position":"center center","background-size":"auto","background-attachment":"scroll","background-type":"","background-media":"","overlay-type":"","overlay-color":"","overlay-opacity":"","overlay-gradient":""},"tablet":{"background-color":"","background-image":"","background-repeat":"repeat","background-position":"center center","background-size":"auto","background-attachment":"scroll","background-type":"","background-media":"","overlay-type":"","overlay-color":"","overlay-opacity":"","overlay-gradient":""},"mobile":{"background-color":"","background-image":"","background-repeat":"repeat","background-position":"center center","background-size":"auto","background-attachment":"scroll","background-type":"","background-media":"","overlay-type":"","overlay-color":"","overlay-opacity":"","overlay-gradient":""}},"ast-content-background-meta":{"desktop":{"background-color":"var(--ast-global-color-5)","background-image":"","background-repeat":"repeat","background-position":"center center","background-size":"auto","background-attachment":"scroll","background-type":"","background-media":"","overlay-type":"","overlay-color":"","overlay-opacity":"","overlay-gradient":""},"tablet":{"background-color":"var(--ast-global-color-5)","background-image":"","background-repeat":"repeat","background-position":"center center","background-size":"auto","background-attachment":"scroll","background-type":"","background-media":"","overlay-type":"","overlay-color":"","overlay-opacity":"","overlay-gradient":""},"mobile":{"background-color":"var(--ast-global-color-5)","background-image":"","background-repeat":"repeat","background-position":"center center","background-size":"auto","background-attachment":"scroll","background-type":"","background-media":"","overlay-type":"","overlay-color":"","overlay-opacity":"","overlay-gradient":""}},"footnotes":""},"class_list":["post-1597","page","type-page","status-publish","hentry"],"aioseo_notices":[],"jetpack_sharing_enabled":true,"publishpress_future_action":{"enabled":false,"date":"2026-05-13 18:39:33","action":"change-status","newStatus":"draft","terms":[],"taxonomy":"","extraData":[]},"publishpress_future_workflow_manual_trigger":{"enabledWorkflows":[]},"_links":{"self":[{"href":"https:\/\/kbhvineyard.dk\/en\/wp-json\/wp\/v2\/pages\/1597","targetHints":{"allow":["GET"]}}],"collection":[{"href":"https:\/\/kbhvineyard.dk\/en\/wp-json\/wp\/v2\/pages"}],"about":[{"href":"https:\/\/kbhvineyard.dk\/en\/wp-json\/wp\/v2\/types\/page"}],"author":[{"embeddable":true,"href":"https:\/\/kbhvineyard.dk\/en\/wp-json\/wp\/v2\/users\/1"}],"replies":[{"embeddable":true,"href":"https:\/\/kbhvineyard.dk\/en\/wp-json\/wp\/v2\/comments?post=1597"}],"version-history":[{"count":39,"href":"https:\/\/kbhvineyard.dk\/en\/wp-json\/wp\/v2\/pages\/1597\/revisions"}],"predecessor-version":[{"id":4519,"href":"https:\/\/kbhvineyard.dk\/en\/wp-json\/wp\/v2\/pages\/1597\/revisions\/4519"}],"up":[{"embeddable":true,"href":"https:\/\/kbhvineyard.dk\/en\/wp-json\/wp\/v2\/pages\/30"}],"wp:attachment":[{"href":"https:\/\/kbhvineyard.dk\/en\/wp-json\/wp\/v2\/media?parent=1597"}],"curies":[{"name":"wp","href":"https:\/\/api.w.org\/{rel}","templated":true}]}}