{"id":733,"date":"2022-03-03T12:42:04","date_gmt":"2022-03-03T12:42:04","guid":{"rendered":"http:\/\/chercka.dk\/?page_id=733"},"modified":"2025-09-22T11:18:00","modified_gmt":"2025-09-22T09:18:00","slug":"kvbu","status":"publish","type":"page","link":"https:\/\/kbhvineyard.dk\/en\/boern-unge\/kvbu\/","title":{"rendered":"KVBU"},"content":{"rendered":"<h2 class=\"wp-block-heading\">Copenhagen Vineyard B&amp;U<\/h2>\n\n\n\n<p>I K\u00f8benhavn Vineyard kan b\u00f8rn og unge (0-29 \u00e5r) melde sig ind i vores lokalforening KVBU, som er en del af <a href=\"https:\/\/lfku.dk\/\" target=\"_blank\" rel=\"noopener\" title=\"\">Landsforeningen LFKU<\/a>.  <\/p>\n\n\n\n<p>Igennem foreningen f\u00e5r vi tilskud b\u00e5de til det daglige arbejde og til s\u00e6rlige events og mulighed for at tage billigt med p\u00e5 rejser, konferencer m.m. <\/p>\n\n\n\n<p>Each membership costs DKK 100 per year, and for that we get:<\/p>\n\n\n\n<ul class=\"wp-block-list\">\n<li>Around <strong>DKK 400 in subsidy per member<\/strong> from <a href=\"https:\/\/om.danskespil.dk\/udlodningsmidler\" target=\"_blank\" rel=\"noreferrer noopener\">Udlodningsmidler<\/a> (Danske Spil and Det Danske Klasselotteri),&nbsp;<\/li>\n\n\n\n<li><strong>Opportunity to seek funds<\/strong> from <a href=\"https:\/\/duf.dk\/\" target=\"_blank\" rel=\"noreferrer noopener\">DUF<\/a> of <a href=\"https:\/\/lfku.dk\/\" target=\"_blank\" rel=\"noopener\" title=\"\">LFKU<\/a> for <strong>events<\/strong>, <strong>ekstraordin\u00e6re aktivteter<\/strong> etc.<\/li>\n\n\n\n<li><strong>Grant<\/strong> <strong>for the employment of children and youth workers.<\/strong><\/li>\n\n\n\n<li>Mulighed for at deltage i  <strong>trips abroad<\/strong>, for example, conferences for teenagers and youth, mission trips etc.<\/li>\n<\/ul>\n\n\n\n<p><strong>Will you join us?<\/strong><br><strong><a href=\"https:\/\/lfku.dk\/medlem\/\" target=\"_blank\" rel=\"noopener\" title=\"\">Register here <\/a><\/strong>or contact <a href=\"http:\/\/kbhvineyard.dk\/en\/om-os\/kirkens-medarbejdere\/\">Kathrine Chercka<\/a> if you would like to know more about membership of KVBU.<\/p>","protected":false},"excerpt":{"rendered":"<p>K\u00f8benhavn Vineyard B&amp;U I K\u00f8benhavn Vineyard kan b\u00f8rn og unge (0-29 \u00e5r) melde sig ind i vores lokalforening KVBU, som er en del af Landsforeningen LFKU. Igennem foreningen f\u00e5r vi tilskud b\u00e5de til det daglige arbejde og til s\u00e6rlige events og mulighed for at tage billigt med p\u00e5 rejser, konferencer m.m. Hvert medlemskab koster 100 [&hellip;]<\/p>\n","protected":false},"author":1,"featured_media":0,"parent":29,"menu_order":5,"comment_status":"closed","ping_status":"closed","template":"","meta":{"site-sidebar-layout":"default","site-content-layout":"","ast-site-content-layout":"default","site-content-style":"default","site-sidebar-style":"default","ast-global-header-display":"","ast-banner-title-visibility":"","ast-main-header-display":"","ast-hfb-above-header-display":"","ast-hfb-below-header-display":"","ast-hfb-mobile-header-display":"","site-post-title":"","ast-breadcrumbs-content":"","ast-featured-img":"","footer-sml-layout":"","ast-disable-related-posts":"","theme-transparent-header-meta":"","adv-header-id-meta":"","stick-header-meta":"","header-above-stick-meta":"","header-main-stick-meta":"","header-below-stick-meta":"","astra-migrate-meta-layouts":"set","ast-page-background-enabled":"default","ast-page-background-meta":{"desktop":{"background-color":"var(--ast-global-color-4)","background-image":"","background-repeat":"repeat","background-position":"center center","background-size":"auto","background-attachment":"scroll","background-type":"","background-media":"","overlay-type":"","overlay-color":"","overlay-opacity":"","overlay-gradient":""},"tablet":{"background-color":"","background-image":"","background-repeat":"repeat","background-position":"center center","background-size":"auto","background-attachment":"scroll","background-type":"","background-media":"","overlay-type":"","overlay-color":"","overlay-opacity":"","overlay-gradient":""},"mobile":{"background-color":"","background-image":"","background-repeat":"repeat","background-position":"center center","background-size":"auto","background-attachment":"scroll","background-type":"","background-media":"","overlay-type":"","overlay-color":"","overlay-opacity":"","overlay-gradient":""}},"ast-content-background-meta":{"desktop":{"background-color":"var(--ast-global-color-5)","background-image":"","background-repeat":"repeat","background-position":"center center","background-size":"auto","background-attachment":"scroll","background-type":"","background-media":"","overlay-type":"","overlay-color":"","overlay-opacity":"","overlay-gradient":""},"tablet":{"background-color":"var(--ast-global-color-5)","background-image":"","background-repeat":"repeat","background-position":"center center","background-size":"auto","background-attachment":"scroll","background-type":"","background-media":"","overlay-type":"","overlay-color":"","overlay-opacity":"","overlay-gradient":""},"mobile":{"background-color":"var(--ast-global-color-5)","background-image":"","background-repeat":"repeat","background-position":"center center","background-size":"auto","background-attachment":"scroll","background-type":"","background-media":"","overlay-type":"","overlay-color":"","overlay-opacity":"","overlay-gradient":""}},"footnotes":""},"class_list":["post-733","page","type-page","status-publish","hentry"],"aioseo_notices":[],"jetpack_sharing_enabled":true,"publishpress_future_action":{"enabled":false,"date":"2026-05-13 18:39:21","action":"change-status","newStatus":"draft","terms":[],"taxonomy":"","extraData":[]},"publishpress_future_workflow_manual_trigger":{"enabledWorkflows":[]},"_links":{"self":[{"href":"https:\/\/kbhvineyard.dk\/en\/wp-json\/wp\/v2\/pages\/733","targetHints":{"allow":["GET"]}}],"collection":[{"href":"https:\/\/kbhvineyard.dk\/en\/wp-json\/wp\/v2\/pages"}],"about":[{"href":"https:\/\/kbhvineyard.dk\/en\/wp-json\/wp\/v2\/types\/page"}],"author":[{"embeddable":true,"href":"https:\/\/kbhvineyard.dk\/en\/wp-json\/wp\/v2\/users\/1"}],"replies":[{"embeddable":true,"href":"https:\/\/kbhvineyard.dk\/en\/wp-json\/wp\/v2\/comments?post=733"}],"version-history":[{"count":13,"href":"https:\/\/kbhvineyard.dk\/en\/wp-json\/wp\/v2\/pages\/733\/revisions"}],"predecessor-version":[{"id":4192,"href":"https:\/\/kbhvineyard.dk\/en\/wp-json\/wp\/v2\/pages\/733\/revisions\/4192"}],"up":[{"embeddable":true,"href":"https:\/\/kbhvineyard.dk\/en\/wp-json\/wp\/v2\/pages\/29"}],"wp:attachment":[{"href":"https:\/\/kbhvineyard.dk\/en\/wp-json\/wp\/v2\/media?parent=733"}],"curies":[{"name":"wp","href":"https:\/\/api.w.org\/{rel}","templated":true}]}}